 {"id":15559,"date":"2025-04-02T16:43:12","date_gmt":"2025-04-02T14:43:12","guid":{"rendered":"https:\/\/alba.es\/newsletter\/"},"modified":"2025-04-02T16:43:12","modified_gmt":"2025-04-02T14:43:12","slug":"newsletter","status":"publish","type":"page","link":"https:\/\/www.alba.es\/en\/newsletter\/","title":{"rendered":"Newsletter"},"content":{"rendered":"<p><!-- Begin Mailchimp Signup Form --><\/p>\n<style type=\"text\/css\">\n\t#mc_embed_signup{background:#fff; clear:left; font:14px Helvetica,Arial,sans-serif;  width:500px; margin: 100px auto;}<br \/>h2 {<br \/>    text-transform: uppercase;<br \/>    text-align: center;<br \/>}<br \/>.mc-field-group input, .mc-field-group select, input#mce-EMAIL{<br \/>padding: 12px 0 !important;<br \/>border: 2px solid #e3e3e3;<br \/>padding: 5px 10px;<br \/>}<br \/>.mc-field-group label:not(label.checkbox.subfield){<br \/>font-weight: bold;<br \/>text-transform: uppercase;<br \/>}<br \/>.mc-field-group.elemento {<br \/>    display: inline-block;<br \/>    width: 45% !important;<br \/>}<br \/>.mc-field-group.elemento{<br \/>margin-right: 20px !important;<br \/>}<br \/>.mce_inline_error{<br \/>display: table !important;<br \/>}<br \/>input#mc-embedded-subscribe{<br \/>background-color: #0084d8 !important;<br \/>padding: 20px;<br \/>}<br \/>#mc_embed_signup .button{<br \/>    height: 45px;<br \/>}<br \/>@media (max-width: 500px) {<br \/>.mc-field-group.elemento {<br \/>    display: block;<br \/>    width: 98% !important;<br \/>}<br \/>div#mc_embed_signup {<br \/>    padding: 20px;<br \/>    font-size: 18px;<br \/>}<br \/>}<br \/>\t\/* Add your own Mailchimp form style overrides in your site stylesheet or in this style block.<br \/>\t   We recommend moving this block and the preceding CSS link to the HEAD of your HTML file. *\/<br \/><\/style>\n<style type=\"text\/css\">\n\t#mc-embedded-subscribe-form input[type=checkbox]{display: inline; width: auto;margin-right: 10px;}<br \/>\t#mergeRow-gdpr {margin-top: 20px;}<br \/>\t#mergeRow-gdpr fieldset label {font-weight: normal;}<br \/>\t#mc-embedded-subscribe-form .mc_fieldset{border:none;min-height: 0px;padding-bottom:0px;}<br \/><\/style>\n<div id=\"mc_embed_signup\">\n<form id=\"mc-embedded-subscribe-form\" class=\"validate\" action=\"https:\/\/alba.us20.list-manage.com\/subscribe\/post?u=cb0555c5e16c780064969fbb6&#038;id=5df05ba732\" method=\"post\" name=\"mc-embedded-subscribe-form\" novalidate=\"\" target=\"_blank\">\n<div id=\"mc_embed_signup_scroll\">\n<h2>Subscribe to our Newsletter by selecting the product line you would like to receive news about.<\/h2>\n<div class=\"indicates-required\"><span class=\"asterisk\">*<\/span> indicates that it is necessary<\/div>\n<div class=\"mc-field-group elemento\"><label for=\"mce-EMAIL\">E-mail <span class=\"asterisk\">*<\/span><br \/>\n<\/label><br \/>\n<input id=\"mce-EMAIL\" class=\"required email\" name=\"EMAIL\" type=\"email\" value=\"\" \/><\/div>\n<div class=\"mc-field-group elemento\"><label for=\"mce-MMERGE5\">LANGUAGE <span class=\"asterisk\">*<\/span><br \/>\n<\/label><br \/>\n<select id=\"mce-MMERGE5\" class=\"required\" name=\"MMERGE5\"><option value=\"\"><\/option><option value=\"Espa\u00f1ol\">Espa\u00f1ol<\/option><option value=\"Ingl\u00e9s\">Ingl\u00e9s<\/option><option value=\"Franc\u00e9s\">Franc\u00e9s<\/option><\/select><\/div>\n<div class=\"mc-field-group\"><label for=\"mce-MMERGE19\">PRODUCT OF INTEREST <span class=\"asterisk\">*<\/span><br \/>\n<\/label><br \/>\n<select id=\"mce-MMERGE19\" class=\"required\" name=\"MMERGE19\"><option value=\"\"><\/option><option value=\"Rack &#038; pinion hoists\">Rack &#038; pinion hoists<\/option><option value=\"Suspended platforms\">Suspended platforms<\/option><option value=\"Todos\">All<\/option><\/select><\/div>\n<div id=\"mergeRow-gdpr\" class=\"mergeRow gdpr-mergeRow content__gdprBlock mc-field-group\">\n<div class=\"content__gdpr\">\n<p><label>Subscribe to our Newsletter<\/label> to stay up to date with all our news.<\/p>\n<fieldset class=\"mc_fieldset gdprRequired mc-field-group\" name=\"interestgroup_field\"><label class=\"checkbox subfield\" for=\"gdpr_65760\"><input id=\"gdpr_65760\" class=\"av-checkbox \" name=\"gdpr[65760]\" type=\"checkbox\" value=\"Y\" \/>I have read and accept the Privacy Policy. <\/label><\/fieldset>\n<p>For more information about our Privacy Policy, please visit our website. By clicking below, you agree that we may process your information in accordance with these terms.<\/p>\n<\/div>\n<div class=\"content__gdprLegal\">\n<p>We use Mailchimp as our marketing platform. By clicking below to subscribe, you acknowledge that your information will be transferred to Mailchimp for processing.<a href=\"https:\/\/mailchimp.com\/legal\/terms\" target=\"_blank\" rel=\"noopener\">Learn more about Mailchimp&#8217;s privacy practices here.<\/a><\/p>\n<\/div>\n<\/div>\n<div hidden=\"true\"><input name=\"tags\" type=\"hidden\" value=\"1625376\" \/><\/div>\n<div id=\"mce-responses\" class=\"clear\">\n<div id=\"mce-error-response\" class=\"response\" style=\"display: none;\"><\/div>\n<div id=\"mce-success-response\" class=\"response\" style=\"display: none;\"><\/div>\n<\/div>\n<p><!-- real people should not fill this in and expect good things - do not remove this or risk form bot signups--><\/p>\n<div style=\"position: absolute; left: -5000px;\" aria-hidden=\"true\"><input tabindex=\"-1\" name=\"b_cb0555c5e16c780064969fbb6_5df05ba732\" type=\"text\" value=\"\" \/><\/div>\n<div class=\"clear\"><input id=\"mc-embedded-subscribe\" class=\"button\" name=\"subscribe\" type=\"submit\" value=\"SEND\" \/><\/div>\n<\/div>\n<\/form>\n<\/div>\n<p><script type='text\/javascript' src='\/\/s3.amazonaws.com\/downloads.mailchimp.com\/js\/mc-validate.js'><\/script><script type='text\/javascript'>(function($) {window.fnames = new Array(); window.ftypes = new Array();fnames[0]='EMAIL';ftypes[0]='email';fnames[5]='MMERGE5';ftypes[5]='dropdown';fnames[19]='MMERGE19';ftypes[19]='dropdown';fnames[16]='MMERGE16';ftypes[16]='text';fnames[7]='MMERGE7';ftypes[7]='number';fnames[2]='MMERGE2';ftypes[2]='text';fnames[1]='MMERGE1';ftypes[1]='text';fnames[12]='PRODINTERE';ftypes[12]='text';fnames[3]='MMERGE3';ftypes[3]='text';fnames[4]='MMERGE4';ftypes[4]='text';fnames[6]='MMERGE6';ftypes[6]='text';fnames[8]='MMERGE8';ftypes[8]='text';fnames[9]='MMERGE9';ftypes[9]='text';fnames[10]='MMERGE10';ftypes[10]='text';fnames[11]='MMERGE11';ftypes[11]='text';fnames[13]='MMERGE13';ftypes[13]='text';fnames[14]='MMERGE14';ftypes[14]='text';fnames[15]='MMERGE15';ftypes[15]='text';fnames[17]='MMERGE17';ftypes[17]='address';fnames[18]='MMERGE18';ftypes[18]='text'; \/*\n * Translated default messages for the $ validation plugin.\n * Locale: ES\n *\/\n$.extend($.validator.messages, {\n        required: \"Este campo es obligatorio.\",\n        remote: \"Por favor, rellene este campo para continuar.\",\n        email: \"Por favor, introduzca una direcci\u00f3n de correo electr\u00f3nico v\u00e1lida.\",\n        url: \"Por favor, introduzca una URL v\u00e1lida.\",\n        date: \"Por favor, introduzca una fecha v\u00e1lida.\",\n        dateISO: \"Por favor, introduzca una fecha v\u00e1lida (ISO).\",\n        number: \"Por favor, introduzca un n\u00famero v\u00e1lido.\",\n        digits: \"Por favor, introduzca (s\u00f3lo) un valor num\u00e9rico.\",\n        creditcard: \"Introduzca un n\u00famero de tarjeta de cr\u00e9dito v\u00e1lido.\",\n        equalTo: \"Por favor, introduzca de nuevo el mismo valor.\",\n        accept: \"Por favor, introduzca un valor con una extensi\u00f3n v\u00e1lida.\",\n        maxlength: $.validator.format(\"Por favor, no introduzca m\u00e1s de {0} caracteres.\"),\n        minlength: $.validator.format(\"Por favor, introduzca al menos {0} caracteres.\"),\n        rangelength: $.validator.format(\"Por favor, introduzca entre {0} y {1} caracteres.\"),\n        range: $.validator.format(\"Por favor, introduzca un valor entre {0} y {1}.\"),\n        max: $.validator.format(\"Por favor, introduzca un valor menor o igual a {0}.\"),\n        min: $.validator.format(\"Por favor, introduzca un valor mayor o igual a {0}.\")\n});}(jQuery));var $mcj = jQuery.noConflict(true);<\/script><br \/>\n<!--End mc_embed_signup--><\/p>\n<p><!--End mc_embed_signup--><\/p>\n","protected":false},"excerpt":{"rendered":"<p>Subscribe to our Newsletter by selecting the product line you would like to receive news about. * indicates that it is necessary E-mail * LANGUAGE * Espa\u00f1olIngl\u00e9sFranc\u00e9s PRODUCT OF INTEREST * Rack &#038; pinion hoistsSuspended platformsAll Subscribe to our Newsletter to stay up to date with all our news. I have read and accept the [&hellip;]<\/p>\n","protected":false},"author":19,"featured_media":0,"parent":0,"menu_order":0,"comment_status":"closed","ping_status":"closed","template":"","meta":{"_acf_changed":false,"footnotes":""},"class_list":["post-15559","page","type-page","status-publish","hentry"],"acf":[],"yoast_head":"<!-- This site is optimized with the Yoast SEO plugin v27.5 - https:\/\/yoast.com\/product\/yoast-seo-wordpress\/ -->\n<title>Newsletter - Alba<\/title>\n<meta name=\"robots\" content=\"noindex, nofollow\" \/>\n<meta property=\"og:locale\" content=\"en_US\" \/>\n<meta property=\"og:type\" content=\"article\" \/>\n<meta property=\"og:title\" content=\"Newsletter - Alba\" \/>\n<meta property=\"og:description\" content=\"Subscribe to our Newsletter by selecting the product line you would like to receive news about. * indicates that it is necessary E-mail * LANGUAGE * Espa\u00f1olIngl\u00e9sFranc\u00e9s PRODUCT OF INTEREST * Rack &#038; pinion hoistsSuspended platformsAll Subscribe to our Newsletter to stay up to date with all our news. I have read and accept the [&hellip;]\" \/>\n<meta property=\"og:url\" content=\"https:\/\/www.alba.es\/en\/newsletter\/\" \/>\n<meta property=\"og:site_name\" content=\"Alba\" \/>\n<meta property=\"article:publisher\" content=\"https:\/\/www.facebook.com\/albamacrelgroupsl?_rdc=2&amp;_rdr#\" \/>\n<meta property=\"og:image\" content=\"https:\/\/www.alba.es\/wp-content\/media\/LOGO-ALBA.png\" \/>\n\t<meta property=\"og:image:width\" content=\"1447\" \/>\n\t<meta property=\"og:image:height\" content=\"403\" \/>\n\t<meta property=\"og:image:type\" content=\"image\/png\" \/>\n<meta name=\"twitter:card\" content=\"summary_large_image\" \/>\n<meta name=\"twitter:label1\" content=\"Est. reading time\" \/>\n\t<meta name=\"twitter:data1\" content=\"1 minute\" \/>\n<script type=\"application\/ld+json\" class=\"yoast-schema-graph\">{\"@context\":\"https:\\\/\\\/schema.org\",\"@graph\":[{\"@type\":\"TechArticle\",\"@id\":\"https:\\\/\\\/www.alba.es\\\/en\\\/newsletter\\\/#article\",\"isPartOf\":{\"@id\":\"https:\\\/\\\/www.alba.es\\\/en\\\/newsletter\\\/\"},\"author\":{\"name\":\"Melissa G\u00f3mez\",\"@id\":\"https:\\\/\\\/www.alba.es\\\/#\\\/schema\\\/person\\\/68d4b96fbf8f6490c8893f595f663859\"},\"headline\":\"Newsletter\",\"datePublished\":\"2025-04-02T14:43:12+00:00\",\"mainEntityOfPage\":{\"@id\":\"https:\\\/\\\/www.alba.es\\\/en\\\/newsletter\\\/\"},\"wordCount\":119,\"publisher\":{\"@id\":\"https:\\\/\\\/www.alba.es\\\/#organization\"},\"inLanguage\":\"en-US\"},{\"@type\":\"WebPage\",\"@id\":\"https:\\\/\\\/www.alba.es\\\/en\\\/newsletter\\\/\",\"url\":\"https:\\\/\\\/www.alba.es\\\/en\\\/newsletter\\\/\",\"name\":\"Newsletter - Alba\",\"isPartOf\":{\"@id\":\"https:\\\/\\\/www.alba.es\\\/#website\"},\"datePublished\":\"2025-04-02T14:43:12+00:00\",\"breadcrumb\":{\"@id\":\"https:\\\/\\\/www.alba.es\\\/en\\\/newsletter\\\/#breadcrumb\"},\"inLanguage\":\"en-US\",\"potentialAction\":[{\"@type\":\"ReadAction\",\"target\":[\"https:\\\/\\\/www.alba.es\\\/en\\\/newsletter\\\/\"]}]},{\"@type\":\"BreadcrumbList\",\"@id\":\"https:\\\/\\\/www.alba.es\\\/en\\\/newsletter\\\/#breadcrumb\",\"itemListElement\":[{\"@type\":\"ListItem\",\"position\":1,\"name\":\"Portada\",\"item\":\"https:\\\/\\\/www.alba.es\\\/en\\\/\"},{\"@type\":\"ListItem\",\"position\":2,\"name\":\"Newsletter\"}]},{\"@type\":\"WebSite\",\"@id\":\"https:\\\/\\\/www.alba.es\\\/#website\",\"url\":\"https:\\\/\\\/www.alba.es\\\/\",\"name\":\"Alba - Elevadores de construcci\u00f3n y plataformas suspendidas\",\"description\":\"Soluciones de acceso y movilidad en construcci\u00f3n\",\"publisher\":{\"@id\":\"https:\\\/\\\/www.alba.es\\\/#organization\"},\"alternateName\":\"Alba\",\"potentialAction\":[{\"@type\":\"SearchAction\",\"target\":{\"@type\":\"EntryPoint\",\"urlTemplate\":\"https:\\\/\\\/www.alba.es\\\/?s={search_term_string}\"},\"query-input\":{\"@type\":\"PropertyValueSpecification\",\"valueRequired\":true,\"valueName\":\"search_term_string\"}}],\"inLanguage\":\"en-US\"},{\"@type\":\"Organization\",\"@id\":\"https:\\\/\\\/www.alba.es\\\/#organization\",\"name\":\"Alba\",\"alternateName\":\"Alba\",\"url\":\"https:\\\/\\\/www.alba.es\\\/\",\"logo\":{\"@type\":\"ImageObject\",\"inLanguage\":\"en-US\",\"@id\":\"https:\\\/\\\/www.alba.es\\\/#\\\/schema\\\/logo\\\/image\\\/\",\"url\":\"https:\\\/\\\/www.alba.es\\\/wp-content\\\/media\\\/logo_alba__light.png\",\"contentUrl\":\"https:\\\/\\\/www.alba.es\\\/wp-content\\\/media\\\/logo_alba__light.png\",\"width\":400,\"height\":106,\"caption\":\"Alba\"},\"image\":{\"@id\":\"https:\\\/\\\/www.alba.es\\\/#\\\/schema\\\/logo\\\/image\\\/\"},\"sameAs\":[\"https:\\\/\\\/www.facebook.com\\\/albamacrelgroupsl?_rdc=2&_rdr#\",\"https:\\\/\\\/www.linkedin.com\\\/company\\\/canopy-brands-alba\\\/\"]},{\"@type\":\"Person\",\"@id\":\"https:\\\/\\\/www.alba.es\\\/#\\\/schema\\\/person\\\/68d4b96fbf8f6490c8893f595f663859\",\"name\":\"Melissa G\u00f3mez\",\"image\":{\"@type\":\"ImageObject\",\"inLanguage\":\"en-US\",\"@id\":\"https:\\\/\\\/secure.gravatar.com\\\/avatar\\\/8f57fc86599514671c1255ee88663317bd02c315411f69dbe0f587567df6cb36?s=96&d=mm&r=g\",\"url\":\"https:\\\/\\\/secure.gravatar.com\\\/avatar\\\/8f57fc86599514671c1255ee88663317bd02c315411f69dbe0f587567df6cb36?s=96&d=mm&r=g\",\"contentUrl\":\"https:\\\/\\\/secure.gravatar.com\\\/avatar\\\/8f57fc86599514671c1255ee88663317bd02c315411f69dbe0f587567df6cb36?s=96&d=mm&r=g\",\"caption\":\"Melissa G\u00f3mez\"}}]}<\/script>\n<!-- \/ Yoast SEO plugin. -->","yoast_head_json":{"title":"Newsletter - Alba","robots":{"index":"noindex","follow":"nofollow"},"og_locale":"en_US","og_type":"article","og_title":"Newsletter - Alba","og_description":"Subscribe to our Newsletter by selecting the product line you would like to receive news about. * indicates that it is necessary E-mail * LANGUAGE * Espa\u00f1olIngl\u00e9sFranc\u00e9s PRODUCT OF INTEREST * Rack &#038; pinion hoistsSuspended platformsAll Subscribe to our Newsletter to stay up to date with all our news. I have read and accept the [&hellip;]","og_url":"https:\/\/www.alba.es\/en\/newsletter\/","og_site_name":"Alba","article_publisher":"https:\/\/www.facebook.com\/albamacrelgroupsl?_rdc=2&_rdr#","og_image":[{"width":1447,"height":403,"url":"https:\/\/www.alba.es\/wp-content\/media\/LOGO-ALBA.png","type":"image\/png"}],"twitter_card":"summary_large_image","twitter_misc":{"Est. reading time":"1 minute"},"schema":{"@context":"https:\/\/schema.org","@graph":[{"@type":"TechArticle","@id":"https:\/\/www.alba.es\/en\/newsletter\/#article","isPartOf":{"@id":"https:\/\/www.alba.es\/en\/newsletter\/"},"author":{"name":"Melissa G\u00f3mez","@id":"https:\/\/www.alba.es\/#\/schema\/person\/68d4b96fbf8f6490c8893f595f663859"},"headline":"Newsletter","datePublished":"2025-04-02T14:43:12+00:00","mainEntityOfPage":{"@id":"https:\/\/www.alba.es\/en\/newsletter\/"},"wordCount":119,"publisher":{"@id":"https:\/\/www.alba.es\/#organization"},"inLanguage":"en-US"},{"@type":"WebPage","@id":"https:\/\/www.alba.es\/en\/newsletter\/","url":"https:\/\/www.alba.es\/en\/newsletter\/","name":"Newsletter - Alba","isPartOf":{"@id":"https:\/\/www.alba.es\/#website"},"datePublished":"2025-04-02T14:43:12+00:00","breadcrumb":{"@id":"https:\/\/www.alba.es\/en\/newsletter\/#breadcrumb"},"inLanguage":"en-US","potentialAction":[{"@type":"ReadAction","target":["https:\/\/www.alba.es\/en\/newsletter\/"]}]},{"@type":"BreadcrumbList","@id":"https:\/\/www.alba.es\/en\/newsletter\/#breadcrumb","itemListElement":[{"@type":"ListItem","position":1,"name":"Portada","item":"https:\/\/www.alba.es\/en\/"},{"@type":"ListItem","position":2,"name":"Newsletter"}]},{"@type":"WebSite","@id":"https:\/\/www.alba.es\/#website","url":"https:\/\/www.alba.es\/","name":"Alba - Elevadores de construcci\u00f3n y plataformas suspendidas","description":"Soluciones de acceso y movilidad en construcci\u00f3n","publisher":{"@id":"https:\/\/www.alba.es\/#organization"},"alternateName":"Alba","potentialAction":[{"@type":"SearchAction","target":{"@type":"EntryPoint","urlTemplate":"https:\/\/www.alba.es\/?s={search_term_string}"},"query-input":{"@type":"PropertyValueSpecification","valueRequired":true,"valueName":"search_term_string"}}],"inLanguage":"en-US"},{"@type":"Organization","@id":"https:\/\/www.alba.es\/#organization","name":"Alba","alternateName":"Alba","url":"https:\/\/www.alba.es\/","logo":{"@type":"ImageObject","inLanguage":"en-US","@id":"https:\/\/www.alba.es\/#\/schema\/logo\/image\/","url":"https:\/\/www.alba.es\/wp-content\/media\/logo_alba__light.png","contentUrl":"https:\/\/www.alba.es\/wp-content\/media\/logo_alba__light.png","width":400,"height":106,"caption":"Alba"},"image":{"@id":"https:\/\/www.alba.es\/#\/schema\/logo\/image\/"},"sameAs":["https:\/\/www.facebook.com\/albamacrelgroupsl?_rdc=2&_rdr#","https:\/\/www.linkedin.com\/company\/canopy-brands-alba\/"]},{"@type":"Person","@id":"https:\/\/www.alba.es\/#\/schema\/person\/68d4b96fbf8f6490c8893f595f663859","name":"Melissa G\u00f3mez","image":{"@type":"ImageObject","inLanguage":"en-US","@id":"https:\/\/secure.gravatar.com\/avatar\/8f57fc86599514671c1255ee88663317bd02c315411f69dbe0f587567df6cb36?s=96&d=mm&r=g","url":"https:\/\/secure.gravatar.com\/avatar\/8f57fc86599514671c1255ee88663317bd02c315411f69dbe0f587567df6cb36?s=96&d=mm&r=g","contentUrl":"https:\/\/secure.gravatar.com\/avatar\/8f57fc86599514671c1255ee88663317bd02c315411f69dbe0f587567df6cb36?s=96&d=mm&r=g","caption":"Melissa G\u00f3mez"}}]}},"_links":{"self":[{"href":"https:\/\/www.alba.es\/en\/wp-json\/wp\/v2\/pages\/15559","targetHints":{"allow":["GET"]}}],"collection":[{"href":"https:\/\/www.alba.es\/en\/wp-json\/wp\/v2\/pages"}],"about":[{"href":"https:\/\/www.alba.es\/en\/wp-json\/wp\/v2\/types\/page"}],"author":[{"embeddable":true,"href":"https:\/\/www.alba.es\/en\/wp-json\/wp\/v2\/users\/19"}],"replies":[{"embeddable":true,"href":"https:\/\/www.alba.es\/en\/wp-json\/wp\/v2\/comments?post=15559"}],"version-history":[{"count":0,"href":"https:\/\/www.alba.es\/en\/wp-json\/wp\/v2\/pages\/15559\/revisions"}],"wp:attachment":[{"href":"https:\/\/www.alba.es\/en\/wp-json\/wp\/v2\/media?parent=15559"}],"curies":[{"name":"wp","href":"https:\/\/api.w.org\/{rel}","templated":true}]}}