 {"id":14181,"date":"2025-02-27T02:58:21","date_gmt":"2025-02-27T01:58:21","guid":{"rendered":"https:\/\/alba.es\/?page_id=14181"},"modified":"2025-02-27T02:58:47","modified_gmt":"2025-02-27T01:58:47","slug":"conditions-generales","status":"publish","type":"page","link":"https:\/\/www.alba.es\/fr\/conditions-generales\/","title":{"rendered":"Conditions G\u00e9n\u00e9rales"},"content":{"rendered":"\t\t<div data-elementor-type=\"wp-page\" data-elementor-id=\"14181\" class=\"elementor elementor-14181 elementor-13748\" data-elementor-post-type=\"page\">\n\t\t\t\t<div class=\"elementor-element elementor-element-68ea7ad5 e-flex e-con-boxed e-con e-parent\" data-id=\"68ea7ad5\" data-element_type=\"container\" data-e-type=\"container\">\n\t\t\t\t\t<div class=\"e-con-inner\">\n\t\t\t\t<div class=\"elementor-element elementor-element-4afa272d elementor-widget elementor-widget-heading\" data-id=\"4afa272d\" data-element_type=\"widget\" data-e-type=\"widget\" data-widget_type=\"heading.default\">\n\t\t\t\t<div class=\"elementor-widget-container\">\n\t\t\t\t\t<h2 class=\"elementor-heading-title elementor-size-default\">Certificat de garantie<\/h2>\t\t\t\t<\/div>\n\t\t\t\t<\/div>\n\t\t\t\t<div class=\"elementor-element elementor-element-48f7f668 elementor-widget elementor-widget-text-editor\" data-id=\"48f7f668\" data-element_type=\"widget\" data-e-type=\"widget\" data-widget_type=\"text-editor.default\">\n\t\t\t\t<div class=\"elementor-widget-container\">\n\t\t\t\t\t\t\t\t\t<div class=\"module-sm\">Nos machines sont garanties pendant 12 mois (pour des journ\u00e9es de travail de 8 heures) contre tout d\u00e9faut de mat\u00e9riel de fabrication, avec substitution gratuite de toutes les pi\u00e8ces reconnues comme d\u00e9fectueuses par notre Service Technique, lesquelles seront livr\u00e9es sans frais de transport.<\/div><p>Cependant, nos \u00e9l\u00e9vateurs de personnes et mat\u00e9riaux \u00e0 cr\u00e9maill\u00e8re sont garantis 12 mois ou 1.000 heures de fonctionnement (selon la premi\u00e8re \u00e9ventualit\u00e9) et nos plateformes de travail (la gamme PEC) pendant 12 mois ou 450 heures de fonctionnement (selon la premi\u00e8re \u00e9ventualit\u00e9).<\/p><div class=\"module-sm\">Si la machine est envoy\u00e9e \u00e0 l\u2019Usine pour \u00eatre r\u00e9vis\u00e9e, apr\u00e8s avoir travaill\u00e9 pendant un certain temps, les frais de transport aller et retour seront \u00e0 la charge de l\u2019acheteur. Lorsque la r\u00e9paration, r\u00e9vision ou substitution de pi\u00e8ces s\u2019effectue sur le lieu o\u00f9 se trouve la machine, les frais correspondants (d\u00e9placement et main d\u2019\u0153uvre des monteurs, \u00e9lectriciens, etc.) seront \u00e0 la charge de l\u2019acheteur. Cette garantie ne couvre pas les pannes provoqu\u00e9es par usure naturelle, incomp\u00e9tence, lors de la manipulation, surcharges, installation et emplacement d\u00e9fectueux ou mauvaise conservation de la machine. Pour tous les \u00e9l\u00e9ments ou mat\u00e9riels qui ne seraient pas de notre fabrication, comme des roulements, moteurs, mat\u00e9riel \u00e9lectrique ou pneumatique, etc., la garantie se limitera \u00e0 celle que nous accordent nos fournisseurs. La garantie prend fin d\u00e8s lors que la machine fait l\u2019objet de r\u00e9paration ou intervention par des tiers sans notre autorisation pr\u00e9alable, ou que les conditions de paiement \u00e9tablies ne sont pas respect\u00e9es. L\u2019Usine ne sera en aucun cas tenue au paiement des indemnisations pour dommages et int\u00e9r\u00eats.<\/div>\t\t\t\t\t\t\t\t<\/div>\n\t\t\t\t<\/div>\n\t\t\t\t\t<\/div>\n\t\t\t\t<\/div>\n\t\t\t\t<\/div>\n\t\t","protected":false},"excerpt":{"rendered":"<p>Certificat de garantie Nos machines sont garanties pendant 12 mois (pour des journ\u00e9es de travail de 8 heures) contre tout d\u00e9faut de mat\u00e9riel de fabrication, avec substitution gratuite de toutes les pi\u00e8ces reconnues comme d\u00e9fectueuses par notre Service Technique, lesquelles seront livr\u00e9es sans frais de transport. Cependant, nos \u00e9l\u00e9vateurs de personnes et mat\u00e9riaux \u00e0 cr\u00e9maill\u00e8re [&hellip;]<\/p>\n","protected":false},"author":19,"featured_media":0,"parent":0,"menu_order":0,"comment_status":"closed","ping_status":"closed","template":"","meta":{"_acf_changed":false,"footnotes":""},"class_list":["post-14181","page","type-page","status-publish","hentry"],"acf":[],"yoast_head":"<!-- This site is optimized with the Yoast SEO plugin v27.5 - https:\/\/yoast.com\/product\/yoast-seo-wordpress\/ -->\n<title>Conditions G\u00e9n\u00e9rales - Alba<\/title>\n<meta name=\"robots\" content=\"noindex, nofollow\" \/>\n<meta property=\"og:locale\" content=\"fr_FR\" \/>\n<meta property=\"og:type\" content=\"article\" \/>\n<meta property=\"og:title\" content=\"Conditions G\u00e9n\u00e9rales - Alba\" \/>\n<meta property=\"og:description\" content=\"Certificat de garantie Nos machines sont garanties pendant 12 mois (pour des journ\u00e9es de travail de 8 heures) contre tout d\u00e9faut de mat\u00e9riel de fabrication, avec substitution gratuite de toutes les pi\u00e8ces reconnues comme d\u00e9fectueuses par notre Service Technique, lesquelles seront livr\u00e9es sans frais de transport. Cependant, nos \u00e9l\u00e9vateurs de personnes et mat\u00e9riaux \u00e0 cr\u00e9maill\u00e8re [&hellip;]\" \/>\n<meta property=\"og:url\" content=\"https:\/\/www.alba.es\/fr\/conditions-generales\/\" \/>\n<meta property=\"og:site_name\" content=\"Alba\" \/>\n<meta property=\"article:publisher\" content=\"https:\/\/www.facebook.com\/albamacrelgroupsl?_rdc=2&amp;_rdr#\" \/>\n<meta property=\"article:modified_time\" content=\"2025-02-27T01:58:47+00:00\" \/>\n<meta property=\"og:image\" content=\"https:\/\/www.alba.es\/wp-content\/media\/LOGO-ALBA.png\" \/>\n\t<meta property=\"og:image:width\" content=\"1447\" \/>\n\t<meta property=\"og:image:height\" content=\"403\" \/>\n\t<meta property=\"og:image:type\" content=\"image\/png\" \/>\n<meta name=\"twitter:card\" content=\"summary_large_image\" \/>\n<meta name=\"twitter:label1\" content=\"Dur\u00e9e de lecture estim\u00e9e\" \/>\n\t<meta name=\"twitter:data1\" content=\"1 minute\" \/>\n<script type=\"application\/ld+json\" class=\"yoast-schema-graph\">{\"@context\":\"https:\\\/\\\/schema.org\",\"@graph\":[{\"@type\":\"TechArticle\",\"@id\":\"https:\\\/\\\/www.alba.es\\\/fr\\\/conditions-generales\\\/#article\",\"isPartOf\":{\"@id\":\"https:\\\/\\\/www.alba.es\\\/fr\\\/conditions-generales\\\/\"},\"author\":{\"name\":\"Melissa G\u00f3mez\",\"@id\":\"https:\\\/\\\/www.alba.es\\\/#\\\/schema\\\/person\\\/68d4b96fbf8f6490c8893f595f663859\"},\"headline\":\"Conditions G\u00e9n\u00e9rales\",\"datePublished\":\"2025-02-27T01:58:21+00:00\",\"dateModified\":\"2025-02-27T01:58:47+00:00\",\"mainEntityOfPage\":{\"@id\":\"https:\\\/\\\/www.alba.es\\\/fr\\\/conditions-generales\\\/\"},\"wordCount\":292,\"publisher\":{\"@id\":\"https:\\\/\\\/www.alba.es\\\/#organization\"},\"inLanguage\":\"fr-FR\"},{\"@type\":\"WebPage\",\"@id\":\"https:\\\/\\\/www.alba.es\\\/fr\\\/conditions-generales\\\/\",\"url\":\"https:\\\/\\\/www.alba.es\\\/fr\\\/conditions-generales\\\/\",\"name\":\"Conditions G\u00e9n\u00e9rales - Alba\",\"isPartOf\":{\"@id\":\"https:\\\/\\\/www.alba.es\\\/#website\"},\"datePublished\":\"2025-02-27T01:58:21+00:00\",\"dateModified\":\"2025-02-27T01:58:47+00:00\",\"breadcrumb\":{\"@id\":\"https:\\\/\\\/www.alba.es\\\/fr\\\/conditions-generales\\\/#breadcrumb\"},\"inLanguage\":\"fr-FR\",\"potentialAction\":[{\"@type\":\"ReadAction\",\"target\":[\"https:\\\/\\\/www.alba.es\\\/fr\\\/conditions-generales\\\/\"]}]},{\"@type\":\"BreadcrumbList\",\"@id\":\"https:\\\/\\\/www.alba.es\\\/fr\\\/conditions-generales\\\/#breadcrumb\",\"itemListElement\":[{\"@type\":\"ListItem\",\"position\":1,\"name\":\"Portada\",\"item\":\"https:\\\/\\\/www.alba.es\\\/fr\\\/\"},{\"@type\":\"ListItem\",\"position\":2,\"name\":\"Conditions G\u00e9n\u00e9rales\"}]},{\"@type\":\"WebSite\",\"@id\":\"https:\\\/\\\/www.alba.es\\\/#website\",\"url\":\"https:\\\/\\\/www.alba.es\\\/\",\"name\":\"Alba - Elevadores de construcci\u00f3n y plataformas suspendidas\",\"description\":\"Soluciones de acceso y movilidad en construcci\u00f3n\",\"publisher\":{\"@id\":\"https:\\\/\\\/www.alba.es\\\/#organization\"},\"alternateName\":\"Alba\",\"potentialAction\":[{\"@type\":\"SearchAction\",\"target\":{\"@type\":\"EntryPoint\",\"urlTemplate\":\"https:\\\/\\\/www.alba.es\\\/?s={search_term_string}\"},\"query-input\":{\"@type\":\"PropertyValueSpecification\",\"valueRequired\":true,\"valueName\":\"search_term_string\"}}],\"inLanguage\":\"fr-FR\"},{\"@type\":\"Organization\",\"@id\":\"https:\\\/\\\/www.alba.es\\\/#organization\",\"name\":\"Alba\",\"alternateName\":\"Alba\",\"url\":\"https:\\\/\\\/www.alba.es\\\/\",\"logo\":{\"@type\":\"ImageObject\",\"inLanguage\":\"fr-FR\",\"@id\":\"https:\\\/\\\/www.alba.es\\\/#\\\/schema\\\/logo\\\/image\\\/\",\"url\":\"https:\\\/\\\/www.alba.es\\\/wp-content\\\/media\\\/logo_alba__light.png\",\"contentUrl\":\"https:\\\/\\\/www.alba.es\\\/wp-content\\\/media\\\/logo_alba__light.png\",\"width\":400,\"height\":106,\"caption\":\"Alba\"},\"image\":{\"@id\":\"https:\\\/\\\/www.alba.es\\\/#\\\/schema\\\/logo\\\/image\\\/\"},\"sameAs\":[\"https:\\\/\\\/www.facebook.com\\\/albamacrelgroupsl?_rdc=2&_rdr#\",\"https:\\\/\\\/www.linkedin.com\\\/company\\\/canopy-brands-alba\\\/\"]},{\"@type\":\"Person\",\"@id\":\"https:\\\/\\\/www.alba.es\\\/#\\\/schema\\\/person\\\/68d4b96fbf8f6490c8893f595f663859\",\"name\":\"Melissa G\u00f3mez\",\"image\":{\"@type\":\"ImageObject\",\"inLanguage\":\"fr-FR\",\"@id\":\"https:\\\/\\\/secure.gravatar.com\\\/avatar\\\/8f57fc86599514671c1255ee88663317bd02c315411f69dbe0f587567df6cb36?s=96&d=mm&r=g\",\"url\":\"https:\\\/\\\/secure.gravatar.com\\\/avatar\\\/8f57fc86599514671c1255ee88663317bd02c315411f69dbe0f587567df6cb36?s=96&d=mm&r=g\",\"contentUrl\":\"https:\\\/\\\/secure.gravatar.com\\\/avatar\\\/8f57fc86599514671c1255ee88663317bd02c315411f69dbe0f587567df6cb36?s=96&d=mm&r=g\",\"caption\":\"Melissa G\u00f3mez\"}}]}<\/script>\n<!-- \/ Yoast SEO plugin. -->","yoast_head_json":{"title":"Conditions G\u00e9n\u00e9rales - Alba","robots":{"index":"noindex","follow":"nofollow"},"og_locale":"fr_FR","og_type":"article","og_title":"Conditions G\u00e9n\u00e9rales - Alba","og_description":"Certificat de garantie Nos machines sont garanties pendant 12 mois (pour des journ\u00e9es de travail de 8 heures) contre tout d\u00e9faut de mat\u00e9riel de fabrication, avec substitution gratuite de toutes les pi\u00e8ces reconnues comme d\u00e9fectueuses par notre Service Technique, lesquelles seront livr\u00e9es sans frais de transport. Cependant, nos \u00e9l\u00e9vateurs de personnes et mat\u00e9riaux \u00e0 cr\u00e9maill\u00e8re [&hellip;]","og_url":"https:\/\/www.alba.es\/fr\/conditions-generales\/","og_site_name":"Alba","article_publisher":"https:\/\/www.facebook.com\/albamacrelgroupsl?_rdc=2&_rdr#","article_modified_time":"2025-02-27T01:58:47+00:00","og_image":[{"width":1447,"height":403,"url":"https:\/\/www.alba.es\/wp-content\/media\/LOGO-ALBA.png","type":"image\/png"}],"twitter_card":"summary_large_image","twitter_misc":{"Dur\u00e9e de lecture estim\u00e9e":"1 minute"},"schema":{"@context":"https:\/\/schema.org","@graph":[{"@type":"TechArticle","@id":"https:\/\/www.alba.es\/fr\/conditions-generales\/#article","isPartOf":{"@id":"https:\/\/www.alba.es\/fr\/conditions-generales\/"},"author":{"name":"Melissa G\u00f3mez","@id":"https:\/\/www.alba.es\/#\/schema\/person\/68d4b96fbf8f6490c8893f595f663859"},"headline":"Conditions G\u00e9n\u00e9rales","datePublished":"2025-02-27T01:58:21+00:00","dateModified":"2025-02-27T01:58:47+00:00","mainEntityOfPage":{"@id":"https:\/\/www.alba.es\/fr\/conditions-generales\/"},"wordCount":292,"publisher":{"@id":"https:\/\/www.alba.es\/#organization"},"inLanguage":"fr-FR"},{"@type":"WebPage","@id":"https:\/\/www.alba.es\/fr\/conditions-generales\/","url":"https:\/\/www.alba.es\/fr\/conditions-generales\/","name":"Conditions G\u00e9n\u00e9rales - Alba","isPartOf":{"@id":"https:\/\/www.alba.es\/#website"},"datePublished":"2025-02-27T01:58:21+00:00","dateModified":"2025-02-27T01:58:47+00:00","breadcrumb":{"@id":"https:\/\/www.alba.es\/fr\/conditions-generales\/#breadcrumb"},"inLanguage":"fr-FR","potentialAction":[{"@type":"ReadAction","target":["https:\/\/www.alba.es\/fr\/conditions-generales\/"]}]},{"@type":"BreadcrumbList","@id":"https:\/\/www.alba.es\/fr\/conditions-generales\/#breadcrumb","itemListElement":[{"@type":"ListItem","position":1,"name":"Portada","item":"https:\/\/www.alba.es\/fr\/"},{"@type":"ListItem","position":2,"name":"Conditions G\u00e9n\u00e9rales"}]},{"@type":"WebSite","@id":"https:\/\/www.alba.es\/#website","url":"https:\/\/www.alba.es\/","name":"Alba - Elevadores de construcci\u00f3n y plataformas suspendidas","description":"Soluciones de acceso y movilidad en construcci\u00f3n","publisher":{"@id":"https:\/\/www.alba.es\/#organization"},"alternateName":"Alba","potentialAction":[{"@type":"SearchAction","target":{"@type":"EntryPoint","urlTemplate":"https:\/\/www.alba.es\/?s={search_term_string}"},"query-input":{"@type":"PropertyValueSpecification","valueRequired":true,"valueName":"search_term_string"}}],"inLanguage":"fr-FR"},{"@type":"Organization","@id":"https:\/\/www.alba.es\/#organization","name":"Alba","alternateName":"Alba","url":"https:\/\/www.alba.es\/","logo":{"@type":"ImageObject","inLanguage":"fr-FR","@id":"https:\/\/www.alba.es\/#\/schema\/logo\/image\/","url":"https:\/\/www.alba.es\/wp-content\/media\/logo_alba__light.png","contentUrl":"https:\/\/www.alba.es\/wp-content\/media\/logo_alba__light.png","width":400,"height":106,"caption":"Alba"},"image":{"@id":"https:\/\/www.alba.es\/#\/schema\/logo\/image\/"},"sameAs":["https:\/\/www.facebook.com\/albamacrelgroupsl?_rdc=2&_rdr#","https:\/\/www.linkedin.com\/company\/canopy-brands-alba\/"]},{"@type":"Person","@id":"https:\/\/www.alba.es\/#\/schema\/person\/68d4b96fbf8f6490c8893f595f663859","name":"Melissa G\u00f3mez","image":{"@type":"ImageObject","inLanguage":"fr-FR","@id":"https:\/\/secure.gravatar.com\/avatar\/8f57fc86599514671c1255ee88663317bd02c315411f69dbe0f587567df6cb36?s=96&d=mm&r=g","url":"https:\/\/secure.gravatar.com\/avatar\/8f57fc86599514671c1255ee88663317bd02c315411f69dbe0f587567df6cb36?s=96&d=mm&r=g","contentUrl":"https:\/\/secure.gravatar.com\/avatar\/8f57fc86599514671c1255ee88663317bd02c315411f69dbe0f587567df6cb36?s=96&d=mm&r=g","caption":"Melissa G\u00f3mez"}}]}},"_links":{"self":[{"href":"https:\/\/www.alba.es\/fr\/wp-json\/wp\/v2\/pages\/14181","targetHints":{"allow":["GET"]}}],"collection":[{"href":"https:\/\/www.alba.es\/fr\/wp-json\/wp\/v2\/pages"}],"about":[{"href":"https:\/\/www.alba.es\/fr\/wp-json\/wp\/v2\/types\/page"}],"author":[{"embeddable":true,"href":"https:\/\/www.alba.es\/fr\/wp-json\/wp\/v2\/users\/19"}],"replies":[{"embeddable":true,"href":"https:\/\/www.alba.es\/fr\/wp-json\/wp\/v2\/comments?post=14181"}],"version-history":[{"count":6,"href":"https:\/\/www.alba.es\/fr\/wp-json\/wp\/v2\/pages\/14181\/revisions"}],"predecessor-version":[{"id":14187,"href":"https:\/\/www.alba.es\/fr\/wp-json\/wp\/v2\/pages\/14181\/revisions\/14187"}],"wp:attachment":[{"href":"https:\/\/www.alba.es\/fr\/wp-json\/wp\/v2\/media?parent=14181"}],"curies":[{"name":"wp","href":"https:\/\/api.w.org\/{rel}","templated":true}]}}