 {"id":14215,"date":"2025-02-27T05:56:59","date_gmt":"2025-02-27T04:56:59","guid":{"rendered":"https:\/\/alba.es\/?page_id=14215"},"modified":"2025-02-27T05:57:40","modified_gmt":"2025-02-27T04:57:40","slug":"service-apres-vente","status":"publish","type":"page","link":"https:\/\/www.alba.es\/fr\/about-us\/service-apres-vente\/","title":{"rendered":"Service apr\u00e8s-vente"},"content":{"rendered":"\t\t<div data-elementor-type=\"wp-page\" data-elementor-id=\"14215\" class=\"elementor elementor-14215 elementor-13779\" data-elementor-post-type=\"page\">\n\t\t\t\t<div class=\"elementor-element elementor-element-3d107509 e-flex e-con-boxed e-con e-parent\" data-id=\"3d107509\" data-element_type=\"container\" data-e-type=\"container\">\n\t\t\t\t\t<div class=\"e-con-inner\">\n\t\t<div class=\"elementor-element elementor-element-777088c e-con-full e-flex e-con e-child\" data-id=\"777088c\" data-element_type=\"container\" data-e-type=\"container\">\n\t\t\t\t<div class=\"elementor-element elementor-element-31cc638a elementor-widget elementor-widget-heading\" data-id=\"31cc638a\" data-element_type=\"widget\" data-e-type=\"widget\" data-widget_type=\"heading.default\">\n\t\t\t\t<div class=\"elementor-widget-container\">\n\t\t\t\t\t<h2 class=\"elementor-heading-title elementor-size-default\">\nR\u00e9parations\n<\/h2>\t\t\t\t<\/div>\n\t\t\t\t<\/div>\n\t\t\t\t<div class=\"elementor-element elementor-element-4813f023 elementor-widget elementor-widget-text-editor\" data-id=\"4813f023\" data-element_type=\"widget\" data-e-type=\"widget\" data-widget_type=\"text-editor.default\">\n\t\t\t\t<div class=\"elementor-widget-container\">\n\t\t\t\t\t\t\t\t\t<p>Chez ALBA, nous assurons la fourniture de pi\u00e8ces de rechange et offrons des solutions rapides face \u00e0 tout inconvenient technique. Toutes nos machines disposent d\u2019un plan de pi\u00e8ces sp\u00e9cifique, simplifiant la s\u00e9lection des composants n\u00e9cessaires, que ce soit pour un entretien pr\u00e9ventif en raison de l\u2019usure, sur recommandation ou pour le remplacement de pi\u00e8ces en cas de d\u00e9faillance.<\/p>\t\t\t\t\t\t\t\t<\/div>\n\t\t\t\t<\/div>\n\t\t\t\t<\/div>\n\t\t<div class=\"elementor-element elementor-element-5496d606 e-con-full e-flex e-con e-child\" data-id=\"5496d606\" data-element_type=\"container\" data-e-type=\"container\">\n\t\t\t\t<div class=\"elementor-element elementor-element-5fab89ab elementor-widget elementor-widget-heading\" data-id=\"5fab89ab\" data-element_type=\"widget\" data-e-type=\"widget\" data-widget_type=\"heading.default\">\n\t\t\t\t<div class=\"elementor-widget-container\">\n\t\t\t\t\t<h2 class=\"elementor-heading-title elementor-size-default\">\n\nService technique<\/h2>\t\t\t\t<\/div>\n\t\t\t\t<\/div>\n\t\t\t\t<div class=\"elementor-element elementor-element-38e2de81 elementor-widget elementor-widget-text-editor\" data-id=\"38e2de81\" data-element_type=\"widget\" data-e-type=\"widget\" data-widget_type=\"text-editor.default\">\n\t\t\t\t<div class=\"elementor-widget-container\">\n\t\t\t\t\t\t\t\t\t<p>Nous proposons un service complet de support et de maintenance pour toutes nos machines, garantissant leur bon fonctionnement au fil du temps. De plus, nous nous d\u00e9pla\u00e7ons directement sur site pour offrir une assistance personnalis\u00e9e, r\u00e9aliser les r\u00e9parations n\u00e9cessaires et fournir une formation sp\u00e9cialis\u00e9e \u00e0 votre \u00e9quipe, garantissant une utilisation optimale des \u00e9quipements et une gestion efficace des processus. Contactez-nous \u00e0<a href=\"mailto:customercare@alba.es\">\u00a0customercare@alba.es<\/a>\u00a0pour demander un service d\u2019assistance de nos ascenseurs de chantier ou plateformes suspendues.<\/p>\t\t\t\t\t\t\t\t<\/div>\n\t\t\t\t<\/div>\n\t\t\t\t<\/div>\n\t\t<div class=\"elementor-element elementor-element-33457032 e-con-full e-flex e-con e-child\" data-id=\"33457032\" data-element_type=\"container\" data-e-type=\"container\">\n\t\t\t\t<div class=\"elementor-element elementor-element-236aac3e elementor-widget elementor-widget-heading\" data-id=\"236aac3e\" data-element_type=\"widget\" data-e-type=\"widget\" data-widget_type=\"heading.default\">\n\t\t\t\t<div class=\"elementor-widget-container\">\n\t\t\t\t\t<h2 class=\"elementor-heading-title elementor-size-default\">\n\nMat\u00e9riel graphique<\/h2>\t\t\t\t<\/div>\n\t\t\t\t<\/div>\n\t\t\t\t<div class=\"elementor-element elementor-element-51c7a25 elementor-widget elementor-widget-text-editor\" data-id=\"51c7a25\" data-element_type=\"widget\" data-e-type=\"widget\" data-widget_type=\"text-editor.default\">\n\t\t\t\t<div class=\"elementor-widget-container\">\n\t\t\t\t\t\t\t\t\t<p>Nous disposons d\u2019une large gamme de mat\u00e9riaux graphiques d\u00e9taill\u00e9s et actualis\u00e9s, facilitant la compr\u00e9hension et la r\u00e9solution de tout d\u00e9fi technique. Gr\u00e2ce \u00e0 leur conception pr\u00e9cise, ces ressources permettent une identification rapide des processus, optimisant la prise de d\u00e9cision et garantissant une solution efficace aux \u00e9ventuelles difficult\u00e9s qui pourraient survenir lors de l\u2019utilisation ou de l\u2019entretien des \u00e9quipements.<\/p>\t\t\t\t\t\t\t\t<\/div>\n\t\t\t\t<\/div>\n\t\t\t\t<\/div>\n\t\t\t\t\t<\/div>\n\t\t\t\t<\/div>\n\t\t\t\t<\/div>\n\t\t","protected":false},"excerpt":{"rendered":"<p>R\u00e9parations Chez ALBA, nous assurons la fourniture de pi\u00e8ces de rechange et offrons des solutions rapides face \u00e0 tout inconvenient technique. Toutes nos machines disposent d\u2019un plan de pi\u00e8ces sp\u00e9cifique, simplifiant la s\u00e9lection des composants n\u00e9cessaires, que ce soit pour un entretien pr\u00e9ventif en raison de l\u2019usure, sur recommandation ou pour le remplacement de pi\u00e8ces [&hellip;]<\/p>\n","protected":false},"author":19,"featured_media":0,"parent":398,"menu_order":1,"comment_status":"closed","ping_status":"closed","template":"","meta":{"_acf_changed":false,"footnotes":""},"class_list":["post-14215","page","type-page","status-publish","hentry"],"acf":[],"yoast_head":"<!-- This site is optimized with the Yoast SEO plugin v27.5 - https:\/\/yoast.com\/product\/yoast-seo-wordpress\/ -->\n<title>Service apr\u00e8s-vente - Alba<\/title>\n<meta name=\"robots\" content=\"noindex, nofollow\" \/>\n<meta property=\"og:locale\" content=\"fr_FR\" \/>\n<meta property=\"og:type\" content=\"article\" \/>\n<meta property=\"og:title\" content=\"Service apr\u00e8s-vente - Alba\" \/>\n<meta property=\"og:description\" content=\"R\u00e9parations Chez ALBA, nous assurons la fourniture de pi\u00e8ces de rechange et offrons des solutions rapides face \u00e0 tout inconvenient technique. Toutes nos machines disposent d\u2019un plan de pi\u00e8ces sp\u00e9cifique, simplifiant la s\u00e9lection des composants n\u00e9cessaires, que ce soit pour un entretien pr\u00e9ventif en raison de l\u2019usure, sur recommandation ou pour le remplacement de pi\u00e8ces [&hellip;]\" \/>\n<meta property=\"og:url\" content=\"https:\/\/www.alba.es\/fr\/about-us\/service-apres-vente\/\" \/>\n<meta property=\"og:site_name\" content=\"Alba\" \/>\n<meta property=\"article:publisher\" content=\"https:\/\/www.facebook.com\/albamacrelgroupsl?_rdc=2&amp;_rdr#\" \/>\n<meta property=\"article:modified_time\" content=\"2025-02-27T04:57:40+00:00\" \/>\n<meta property=\"og:image\" content=\"https:\/\/www.alba.es\/wp-content\/media\/LOGO-ALBA.png\" \/>\n\t<meta property=\"og:image:width\" content=\"1447\" \/>\n\t<meta property=\"og:image:height\" content=\"403\" \/>\n\t<meta property=\"og:image:type\" content=\"image\/png\" \/>\n<meta name=\"twitter:card\" content=\"summary_large_image\" \/>\n<meta name=\"twitter:label1\" content=\"Dur\u00e9e de lecture estim\u00e9e\" \/>\n\t<meta name=\"twitter:data1\" content=\"1 minute\" \/>\n<script type=\"application\/ld+json\" class=\"yoast-schema-graph\">{\"@context\":\"https:\\\/\\\/schema.org\",\"@graph\":[{\"@type\":\"TechArticle\",\"@id\":\"https:\\\/\\\/www.alba.es\\\/fr\\\/about-us\\\/service-apres-vente\\\/#article\",\"isPartOf\":{\"@id\":\"https:\\\/\\\/www.alba.es\\\/fr\\\/about-us\\\/service-apres-vente\\\/\"},\"author\":{\"name\":\"Melissa G\u00f3mez\",\"@id\":\"https:\\\/\\\/www.alba.es\\\/#\\\/schema\\\/person\\\/68d4b96fbf8f6490c8893f595f663859\"},\"headline\":\"Service apr\u00e8s-vente\",\"datePublished\":\"2025-02-27T04:56:59+00:00\",\"dateModified\":\"2025-02-27T04:57:40+00:00\",\"mainEntityOfPage\":{\"@id\":\"https:\\\/\\\/www.alba.es\\\/fr\\\/about-us\\\/service-apres-vente\\\/\"},\"wordCount\":232,\"publisher\":{\"@id\":\"https:\\\/\\\/www.alba.es\\\/#organization\"},\"inLanguage\":\"fr-FR\"},{\"@type\":\"WebPage\",\"@id\":\"https:\\\/\\\/www.alba.es\\\/fr\\\/about-us\\\/service-apres-vente\\\/\",\"url\":\"https:\\\/\\\/www.alba.es\\\/fr\\\/about-us\\\/service-apres-vente\\\/\",\"name\":\"Service apr\u00e8s-vente - Alba\",\"isPartOf\":{\"@id\":\"https:\\\/\\\/www.alba.es\\\/#website\"},\"datePublished\":\"2025-02-27T04:56:59+00:00\",\"dateModified\":\"2025-02-27T04:57:40+00:00\",\"breadcrumb\":{\"@id\":\"https:\\\/\\\/www.alba.es\\\/fr\\\/about-us\\\/service-apres-vente\\\/#breadcrumb\"},\"inLanguage\":\"fr-FR\",\"potentialAction\":[{\"@type\":\"ReadAction\",\"target\":[\"https:\\\/\\\/www.alba.es\\\/fr\\\/about-us\\\/service-apres-vente\\\/\"]}]},{\"@type\":\"BreadcrumbList\",\"@id\":\"https:\\\/\\\/www.alba.es\\\/fr\\\/about-us\\\/service-apres-vente\\\/#breadcrumb\",\"itemListElement\":[{\"@type\":\"ListItem\",\"position\":1,\"name\":\"Portada\",\"item\":\"https:\\\/\\\/www.alba.es\\\/fr\\\/\"},{\"@type\":\"ListItem\",\"position\":2,\"name\":\"About us\",\"item\":\"https:\\\/\\\/www.alba.es\\\/fr\\\/about-us\\\/\"},{\"@type\":\"ListItem\",\"position\":3,\"name\":\"Service apr\u00e8s-vente\"}]},{\"@type\":\"WebSite\",\"@id\":\"https:\\\/\\\/www.alba.es\\\/#website\",\"url\":\"https:\\\/\\\/www.alba.es\\\/\",\"name\":\"Alba - Elevadores de construcci\u00f3n y plataformas suspendidas\",\"description\":\"Soluciones de acceso y movilidad en construcci\u00f3n\",\"publisher\":{\"@id\":\"https:\\\/\\\/www.alba.es\\\/#organization\"},\"alternateName\":\"Alba\",\"potentialAction\":[{\"@type\":\"SearchAction\",\"target\":{\"@type\":\"EntryPoint\",\"urlTemplate\":\"https:\\\/\\\/www.alba.es\\\/?s={search_term_string}\"},\"query-input\":{\"@type\":\"PropertyValueSpecification\",\"valueRequired\":true,\"valueName\":\"search_term_string\"}}],\"inLanguage\":\"fr-FR\"},{\"@type\":\"Organization\",\"@id\":\"https:\\\/\\\/www.alba.es\\\/#organization\",\"name\":\"Alba\",\"alternateName\":\"Alba\",\"url\":\"https:\\\/\\\/www.alba.es\\\/\",\"logo\":{\"@type\":\"ImageObject\",\"inLanguage\":\"fr-FR\",\"@id\":\"https:\\\/\\\/www.alba.es\\\/#\\\/schema\\\/logo\\\/image\\\/\",\"url\":\"https:\\\/\\\/alba.es\\\/wp-content\\\/media\\\/logo_alba__light.png\",\"contentUrl\":\"https:\\\/\\\/alba.es\\\/wp-content\\\/media\\\/logo_alba__light.png\",\"width\":400,\"height\":106,\"caption\":\"Alba\"},\"image\":{\"@id\":\"https:\\\/\\\/www.alba.es\\\/#\\\/schema\\\/logo\\\/image\\\/\"},\"sameAs\":[\"https:\\\/\\\/www.facebook.com\\\/albamacrelgroupsl?_rdc=2&_rdr#\",\"https:\\\/\\\/www.linkedin.com\\\/company\\\/canopy-brands-alba\\\/\"]},{\"@type\":\"Person\",\"@id\":\"https:\\\/\\\/www.alba.es\\\/#\\\/schema\\\/person\\\/68d4b96fbf8f6490c8893f595f663859\",\"name\":\"Melissa G\u00f3mez\",\"image\":{\"@type\":\"ImageObject\",\"inLanguage\":\"fr-FR\",\"@id\":\"https:\\\/\\\/secure.gravatar.com\\\/avatar\\\/8f57fc86599514671c1255ee88663317bd02c315411f69dbe0f587567df6cb36?s=96&d=mm&r=g\",\"url\":\"https:\\\/\\\/secure.gravatar.com\\\/avatar\\\/8f57fc86599514671c1255ee88663317bd02c315411f69dbe0f587567df6cb36?s=96&d=mm&r=g\",\"contentUrl\":\"https:\\\/\\\/secure.gravatar.com\\\/avatar\\\/8f57fc86599514671c1255ee88663317bd02c315411f69dbe0f587567df6cb36?s=96&d=mm&r=g\",\"caption\":\"Melissa G\u00f3mez\"}}]}<\/script>\n<!-- \/ Yoast SEO plugin. -->","yoast_head_json":{"title":"Service apr\u00e8s-vente - Alba","robots":{"index":"noindex","follow":"nofollow"},"og_locale":"fr_FR","og_type":"article","og_title":"Service apr\u00e8s-vente - Alba","og_description":"R\u00e9parations Chez ALBA, nous assurons la fourniture de pi\u00e8ces de rechange et offrons des solutions rapides face \u00e0 tout inconvenient technique. Toutes nos machines disposent d\u2019un plan de pi\u00e8ces sp\u00e9cifique, simplifiant la s\u00e9lection des composants n\u00e9cessaires, que ce soit pour un entretien pr\u00e9ventif en raison de l\u2019usure, sur recommandation ou pour le remplacement de pi\u00e8ces [&hellip;]","og_url":"https:\/\/www.alba.es\/fr\/about-us\/service-apres-vente\/","og_site_name":"Alba","article_publisher":"https:\/\/www.facebook.com\/albamacrelgroupsl?_rdc=2&_rdr#","article_modified_time":"2025-02-27T04:57:40+00:00","og_image":[{"width":1447,"height":403,"url":"https:\/\/www.alba.es\/wp-content\/media\/LOGO-ALBA.png","type":"image\/png"}],"twitter_card":"summary_large_image","twitter_misc":{"Dur\u00e9e de lecture estim\u00e9e":"1 minute"},"schema":{"@context":"https:\/\/schema.org","@graph":[{"@type":"TechArticle","@id":"https:\/\/www.alba.es\/fr\/about-us\/service-apres-vente\/#article","isPartOf":{"@id":"https:\/\/www.alba.es\/fr\/about-us\/service-apres-vente\/"},"author":{"name":"Melissa G\u00f3mez","@id":"https:\/\/www.alba.es\/#\/schema\/person\/68d4b96fbf8f6490c8893f595f663859"},"headline":"Service apr\u00e8s-vente","datePublished":"2025-02-27T04:56:59+00:00","dateModified":"2025-02-27T04:57:40+00:00","mainEntityOfPage":{"@id":"https:\/\/www.alba.es\/fr\/about-us\/service-apres-vente\/"},"wordCount":232,"publisher":{"@id":"https:\/\/www.alba.es\/#organization"},"inLanguage":"fr-FR"},{"@type":"WebPage","@id":"https:\/\/www.alba.es\/fr\/about-us\/service-apres-vente\/","url":"https:\/\/www.alba.es\/fr\/about-us\/service-apres-vente\/","name":"Service apr\u00e8s-vente - Alba","isPartOf":{"@id":"https:\/\/www.alba.es\/#website"},"datePublished":"2025-02-27T04:56:59+00:00","dateModified":"2025-02-27T04:57:40+00:00","breadcrumb":{"@id":"https:\/\/www.alba.es\/fr\/about-us\/service-apres-vente\/#breadcrumb"},"inLanguage":"fr-FR","potentialAction":[{"@type":"ReadAction","target":["https:\/\/www.alba.es\/fr\/about-us\/service-apres-vente\/"]}]},{"@type":"BreadcrumbList","@id":"https:\/\/www.alba.es\/fr\/about-us\/service-apres-vente\/#breadcrumb","itemListElement":[{"@type":"ListItem","position":1,"name":"Portada","item":"https:\/\/www.alba.es\/fr\/"},{"@type":"ListItem","position":2,"name":"About us","item":"https:\/\/www.alba.es\/fr\/about-us\/"},{"@type":"ListItem","position":3,"name":"Service apr\u00e8s-vente"}]},{"@type":"WebSite","@id":"https:\/\/www.alba.es\/#website","url":"https:\/\/www.alba.es\/","name":"Alba - Elevadores de construcci\u00f3n y plataformas suspendidas","description":"Soluciones de acceso y movilidad en construcci\u00f3n","publisher":{"@id":"https:\/\/www.alba.es\/#organization"},"alternateName":"Alba","potentialAction":[{"@type":"SearchAction","target":{"@type":"EntryPoint","urlTemplate":"https:\/\/www.alba.es\/?s={search_term_string}"},"query-input":{"@type":"PropertyValueSpecification","valueRequired":true,"valueName":"search_term_string"}}],"inLanguage":"fr-FR"},{"@type":"Organization","@id":"https:\/\/www.alba.es\/#organization","name":"Alba","alternateName":"Alba","url":"https:\/\/www.alba.es\/","logo":{"@type":"ImageObject","inLanguage":"fr-FR","@id":"https:\/\/www.alba.es\/#\/schema\/logo\/image\/","url":"https:\/\/alba.es\/wp-content\/media\/logo_alba__light.png","contentUrl":"https:\/\/alba.es\/wp-content\/media\/logo_alba__light.png","width":400,"height":106,"caption":"Alba"},"image":{"@id":"https:\/\/www.alba.es\/#\/schema\/logo\/image\/"},"sameAs":["https:\/\/www.facebook.com\/albamacrelgroupsl?_rdc=2&_rdr#","https:\/\/www.linkedin.com\/company\/canopy-brands-alba\/"]},{"@type":"Person","@id":"https:\/\/www.alba.es\/#\/schema\/person\/68d4b96fbf8f6490c8893f595f663859","name":"Melissa G\u00f3mez","image":{"@type":"ImageObject","inLanguage":"fr-FR","@id":"https:\/\/secure.gravatar.com\/avatar\/8f57fc86599514671c1255ee88663317bd02c315411f69dbe0f587567df6cb36?s=96&d=mm&r=g","url":"https:\/\/secure.gravatar.com\/avatar\/8f57fc86599514671c1255ee88663317bd02c315411f69dbe0f587567df6cb36?s=96&d=mm&r=g","contentUrl":"https:\/\/secure.gravatar.com\/avatar\/8f57fc86599514671c1255ee88663317bd02c315411f69dbe0f587567df6cb36?s=96&d=mm&r=g","caption":"Melissa G\u00f3mez"}}]}},"_links":{"self":[{"href":"https:\/\/www.alba.es\/fr\/wp-json\/wp\/v2\/pages\/14215","targetHints":{"allow":["GET"]}}],"collection":[{"href":"https:\/\/www.alba.es\/fr\/wp-json\/wp\/v2\/pages"}],"about":[{"href":"https:\/\/www.alba.es\/fr\/wp-json\/wp\/v2\/types\/page"}],"author":[{"embeddable":true,"href":"https:\/\/www.alba.es\/fr\/wp-json\/wp\/v2\/users\/19"}],"replies":[{"embeddable":true,"href":"https:\/\/www.alba.es\/fr\/wp-json\/wp\/v2\/comments?post=14215"}],"version-history":[{"count":6,"href":"https:\/\/www.alba.es\/fr\/wp-json\/wp\/v2\/pages\/14215\/revisions"}],"predecessor-version":[{"id":14221,"href":"https:\/\/www.alba.es\/fr\/wp-json\/wp\/v2\/pages\/14215\/revisions\/14221"}],"up":[{"embeddable":true,"href":"https:\/\/www.alba.es\/fr\/wp-json\/wp\/v2\/pages\/398"}],"wp:attachment":[{"href":"https:\/\/www.alba.es\/fr\/wp-json\/wp\/v2\/media?parent=14215"}],"curies":[{"name":"wp","href":"https:\/\/api.w.org\/{rel}","templated":true}]}}