 {"id":392,"date":"2020-01-23T12:32:35","date_gmt":"2020-01-23T11:32:35","guid":{"rendered":"https:\/\/www.alba.es\/?page_id=392"},"modified":"2026-01-20T07:28:11","modified_gmt":"2026-01-20T06:28:11","slug":"politique-de-confidentialite","status":"publish","type":"page","link":"https:\/\/www.alba.es\/fr\/politique-de-confidentialite\/","title":{"rendered":"Politique de Confidentialit\u00e9"},"content":{"rendered":"\t\t<div data-elementor-type=\"wp-page\" data-elementor-id=\"392\" class=\"elementor elementor-392 elementor-3\" data-elementor-post-type=\"page\">\n\t\t\t\t<div class=\"elementor-element elementor-element-fc9472f e-flex e-con-boxed e-con e-parent\" data-id=\"fc9472f\" data-element_type=\"container\" data-e-type=\"container\">\n\t\t\t\t\t<div class=\"e-con-inner\">\n\t\t<div class=\"elementor-element elementor-element-6bdedfc e-con-full e-flex e-con e-child\" data-id=\"6bdedfc\" data-element_type=\"container\" data-e-type=\"container\">\n\t\t\t\t<div class=\"elementor-element elementor-element-aa50870 elementor-widget elementor-widget-heading\" data-id=\"aa50870\" data-element_type=\"widget\" data-e-type=\"widget\" data-widget_type=\"heading.default\">\n\t\t\t\t<div class=\"elementor-widget-container\">\n\t\t\t\t\t<h2 class=\"elementor-heading-title elementor-size-default\">Politique de Confidentialit\u00e9 pour les formulaires<\/h2>\t\t\t\t<\/div>\n\t\t\t\t<\/div>\n\t\t\t\t<div class=\"elementor-element elementor-element-6349379 elementor-widget elementor-widget-heading\" data-id=\"6349379\" data-element_type=\"widget\" data-e-type=\"widget\" data-widget_type=\"heading.default\">\n\t\t\t\t<div class=\"elementor-widget-container\">\n\t\t\t\t\t<h2 class=\"elementor-heading-title elementor-size-default\">Informations de base sur la protection des coordonn\u00e9s<\/h2>\t\t\t\t<\/div>\n\t\t\t\t<\/div>\n\t\t\t\t<div class=\"elementor-element elementor-element-32f7bbc elementor-widget elementor-widget-text-editor\" data-id=\"32f7bbc\" data-element_type=\"widget\" data-e-type=\"widget\" data-widget_type=\"text-editor.default\">\n\t\t\t\t<div class=\"elementor-widget-container\">\n\t\t\t\t\t\t\t\t\t<ul><li>Responsable : CANOPY BRANDS EUROPE, S.L.U.<\/li><li>Objectif : G\u00e9rer les demandes\/informations re\u00e7ues \u00e0 travers des formulaires pr\u00e9sents dans le Site Web.<\/li><li>L\u00e9gitimation : Consentement d\u2019int\u00e9ress\u00e9.<\/li><li>Destinataires : On ne va pas transf\u00e8re des coordonn\u00e9s aux tiers, sauf obligation l\u00e9gale.<\/li><li>Droits : Acc\u00e8s, rectification et suppression des coordonn\u00e9s, ainsi que d\u2019autres droits, comme expliqu\u00e9 dans les informations suppl\u00e9mentaires.<\/li><li>Informations suppl\u00e9mentaires : Vous pouvez consulter les informations suppl\u00e9mentaires et d\u00e9taill\u00e9es sur la Protection des Donn\u00e9es au si\u00e8ge social.<\/li><\/ul><p>Alors que vous ne nous communiquez pas le contraire, nous comprendrons que vos coordonn\u00e9s n\u2019ont pas \u00e9t\u00e9 modifi\u00e9es et que vous vous engagez \u00e0 nous informer de toute modification et que vous maintenez votre consentement \u00e0 utiliser aux fins susmentionn\u00e9es.<\/p><p>La r\u00e9ception des coordonn\u00e9s \u00e0 travers des formulaires mentionn\u00e9s, sans avoir consenti par l\u2019affirmative et volontairement leur traitement et stockage, sera imm\u00e9diatement supprim\u00e9 sans entreprendre aucune action avec eux.<\/p>\t\t\t\t\t\t\t\t<\/div>\n\t\t\t\t<\/div>\n\t\t\t\t<div class=\"elementor-element elementor-element-1f32726 elementor-widget-divider--view-line elementor-widget elementor-widget-divider\" data-id=\"1f32726\" data-element_type=\"widget\" data-e-type=\"widget\" data-widget_type=\"divider.default\">\n\t\t\t\t<div class=\"elementor-widget-container\">\n\t\t\t\t\t\t\t<div class=\"elementor-divider\">\n\t\t\t<span class=\"elementor-divider-separator\">\n\t\t\t\t\t\t<\/span>\n\t\t<\/div>\n\t\t\t\t\t\t<\/div>\n\t\t\t\t<\/div>\n\t\t\t\t<div class=\"elementor-element elementor-element-05cf26d elementor-widget elementor-widget-heading\" data-id=\"05cf26d\" data-element_type=\"widget\" data-e-type=\"widget\" data-widget_type=\"heading.default\">\n\t\t\t\t<div class=\"elementor-widget-container\">\n\t\t\t\t\t<h2 class=\"elementor-heading-title elementor-size-default\">Politique de Confidentialit\u00e9 pour les Newsletters<\/h2>\t\t\t\t<\/div>\n\t\t\t\t<\/div>\n\t\t\t\t<div class=\"elementor-element elementor-element-a22e380 elementor-widget elementor-widget-heading\" data-id=\"a22e380\" data-element_type=\"widget\" data-e-type=\"widget\" data-widget_type=\"heading.default\">\n\t\t\t\t<div class=\"elementor-widget-container\">\n\t\t\t\t\t<h2 class=\"elementor-heading-title elementor-size-default\">Informations de base sur la protection des coordonn\u00e9s<\/h2>\t\t\t\t<\/div>\n\t\t\t\t<\/div>\n\t\t\t\t<div class=\"elementor-element elementor-element-f358870 elementor-widget elementor-widget-text-editor\" data-id=\"f358870\" data-element_type=\"widget\" data-e-type=\"widget\" data-widget_type=\"text-editor.default\">\n\t\t\t\t<div class=\"elementor-widget-container\">\n\t\t\t\t\t\t\t\t\t<ul><li>Responsable : CANOPY BRANDS EUROPE, S.L.U.<\/li><li>Objectif : Envoi de communications commerciaux, comme des Newsletters, emails, offres, etc.<\/li><li>L\u00e9gitimation : Consentement d\u2019int\u00e9ress\u00e9.<\/li><li>Destinataires : On ne va pas transf\u00e8re des coordonn\u00e9s aux tiers, sauf obligation l\u00e9gale.<\/li><li>Droits : Acc\u00e8s, rectification et suppression des coordonn\u00e9s, ainsi que d\u2019autres droits, comme expliqu\u00e9 dans les informations suppl\u00e9mentaires.<\/li><li>Informations suppl\u00e9mentaires : Vous pouvez consulter les informations suppl\u00e9mentaires et d\u00e9taill\u00e9es sur la Protection des Donn\u00e9es au si\u00e8ge social.<\/li><\/ul><p>Alors que vous ne nous communiquez pas le contraire, nous comprendrons que vos coordonn\u00e9s n\u2019ont pas \u00e9t\u00e9 modifi\u00e9es et que vous vous engagez \u00e0 nous informer de toute modification et que vous maintenez votre consentement \u00e0 utiliser aux fins susmentionn\u00e9es.<\/p><p>La r\u00e9ception des coordonn\u00e9s \u00e0 travers des formulaires mentionn\u00e9s, sans avoir consenti par l\u2019affirmative et volontairement leur traitement et stockage, sera imm\u00e9diatement supprim\u00e9 sans entreprendre aucune action avec eux.<\/p>\t\t\t\t\t\t\t\t<\/div>\n\t\t\t\t<\/div>\n\t\t\t\t<div class=\"elementor-element elementor-element-66ff3d0 elementor-widget-divider--view-line elementor-widget elementor-widget-divider\" data-id=\"66ff3d0\" data-element_type=\"widget\" data-e-type=\"widget\" data-widget_type=\"divider.default\">\n\t\t\t\t<div class=\"elementor-widget-container\">\n\t\t\t\t\t\t\t<div class=\"elementor-divider\">\n\t\t\t<span class=\"elementor-divider-separator\">\n\t\t\t\t\t\t<\/span>\n\t\t<\/div>\n\t\t\t\t\t\t<\/div>\n\t\t\t\t<\/div>\n\t\t\t\t<div class=\"elementor-element elementor-element-dba0e79 elementor-widget elementor-widget-heading\" data-id=\"dba0e79\" data-element_type=\"widget\" data-e-type=\"widget\" data-widget_type=\"heading.default\">\n\t\t\t\t<div class=\"elementor-widget-container\">\n\t\t\t\t\t<h2 class=\"elementor-heading-title elementor-size-default\">Politique de Confidentialit\u00e9 sur les R\u00e9seaux Sociaux<\/h2>\t\t\t\t<\/div>\n\t\t\t\t<\/div>\n\t\t\t\t<div class=\"elementor-element elementor-element-eb032ea elementor-widget elementor-widget-text-editor\" data-id=\"eb032ea\" data-element_type=\"widget\" data-e-type=\"widget\" data-widget_type=\"text-editor.default\">\n\t\t\t\t<div class=\"elementor-widget-container\">\n\t\t\t\t\t\t\t\t\t<p>Conform\u00e9ment au R\u00e8glement Europ\u00e9en de Protection des Donn\u00e9es 2016\/679, du 27 avril, et de la Loi 34\/2002, du 11 juillet, sur les services de la Soci\u00e9t\u00e9 de l\u2019Information et du commerce \u00e9lectronique (LSSI-CE), la soci\u00e9t\u00e9 :<\/p><ul><li>CANOPY BRANDS EUROPE, S.L.U.<\/li><li>SIRET (CIF) : B75253024<\/li><li>POL. IND. BAYAS \u2013 C\/SUZANA, PARCELA 132<\/li><li>09200 MIRANDA DE EBRO, BURGOS (ESPAGNE)<\/li><\/ul><p>informe qu\u2019elle a proc\u00e9d\u00e9 \u00e0 la cr\u00e9ation d\u2019un compte sur les R\u00e9seaux Sociaux FACEBOOK, YOUTUBE, LINKEDIN et TWITTER avec comme objectif principal celui de se faire de la publicit\u00e9.<\/p><p>L\u2019utilisateur, en consentant de fa\u00e7on libre, affirmative et volontaire le traitement de ses donn\u00e9es, inclut explicitement les donn\u00e9es personnelles publi\u00e9es sur son profil. L\u2019utilisateur peut acc\u00e9der \u00e0 tout moment aux Politiques de Confidentialit\u00e9 du r\u00e9seau social, ainsi que configurer son profil pour garantir sa privacit\u00e9. CANOPY BRANDS EUROPE, S.L.U. a acc\u00e8s et traite les informations publiques de l\u2019utilisateur, en particulier son nom de contact. Ces donn\u00e9es sont uniquement utilis\u00e9es au sein du r\u00e9seau social. Elles ne sont incorpor\u00e9es \u00e0 aucun fichier.<\/p><p>L\u2019utilisateur peut exercer ses droits d\u2019acc\u00e8s, rectification, annulation et opposition \u00e0 l\u2019adresse indiqu\u00e9e pr\u00e9c\u00e9demment. De plus, l\u2019utilisateur doit conna\u00eetre les particularit\u00e9s des R\u00e9seaux Sociaux et les limitations de CANOPY BRANDS EUROPE, S.L.U. en relation \u00e0 l\u2019application des droits d\u2019acc\u00e8s, rectification, annulation et opposition. Si l\u2019utilisateur avait des doutes sur ces questions, il pourra consulter les particularit\u00e9s des diff\u00e9rents R\u00e9seaux Sociaux dans les clauses l\u00e9gales de ces derniers.<\/p><p>L\u2019utilisateur est responsable de tous les contenus publi\u00e9s sur les profils des R\u00e9seaux Sociaux qui appartiennent \u00e0 CANOPY BRANDS EUROPE, S.L.U. Si la publication du contenu ne s\u2019ajuste pas \u00e0 la loi en vigueur, sa publication sera interdite et l\u2019utilisateur sera responsable de la publication en question.<\/p><p>On d\u00e9taille \u00e0 continuation les liens des Politiques de Confidentialit\u00e9 de nos R\u00e9seaux Sociaux :<\/p><ul><li>Facebook: https:\/\/www.facebook.com\/help\/323540651073243\/<\/li><li>Twitter: https:\/\/twitter.com\/privacy<\/li><li>Linkedin: https:\/\/www.linkedin.com\/legal\/privacy-policy?trk=hb_ft_priv<\/li><li>Youtube: https:\/\/www.google.com\/intl\/es\/policies\/privacy<\/li><\/ul>\t\t\t\t\t\t\t\t<\/div>\n\t\t\t\t<\/div>\n\t\t\t\t<div class=\"elementor-element elementor-element-58520b4 elementor-widget-divider--view-line elementor-widget elementor-widget-divider\" data-id=\"58520b4\" data-element_type=\"widget\" data-e-type=\"widget\" data-widget_type=\"divider.default\">\n\t\t\t\t<div class=\"elementor-widget-container\">\n\t\t\t\t\t\t\t<div class=\"elementor-divider\">\n\t\t\t<span class=\"elementor-divider-separator\">\n\t\t\t\t\t\t<\/span>\n\t\t<\/div>\n\t\t\t\t\t\t<\/div>\n\t\t\t\t<\/div>\n\t\t\t\t<div class=\"elementor-element elementor-element-11631a1 elementor-widget elementor-widget-heading\" data-id=\"11631a1\" data-element_type=\"widget\" data-e-type=\"widget\" data-widget_type=\"heading.default\">\n\t\t\t\t<div class=\"elementor-widget-container\">\n\t\t\t\t\t<h2 class=\"elementor-heading-title elementor-size-default\">Politique de Confidentialit\u00e9 sur les sondages<\/h2>\t\t\t\t<\/div>\n\t\t\t\t<\/div>\n\t\t\t\t<div class=\"elementor-element elementor-element-031c011 elementor-widget elementor-widget-heading\" data-id=\"031c011\" data-element_type=\"widget\" data-e-type=\"widget\" data-widget_type=\"heading.default\">\n\t\t\t\t<div class=\"elementor-widget-container\">\n\t\t\t\t\t<h2 class=\"elementor-heading-title elementor-size-default\">Informations de base sur la protection des coordonn\u00e9s<\/h2>\t\t\t\t<\/div>\n\t\t\t\t<\/div>\n\t\t\t\t<div class=\"elementor-element elementor-element-f5a2ca1 elementor-widget elementor-widget-text-editor\" data-id=\"f5a2ca1\" data-element_type=\"widget\" data-e-type=\"widget\" data-widget_type=\"text-editor.default\">\n\t\t\t\t<div class=\"elementor-widget-container\">\n\t\t\t\t\t\t\t\t\t<p>Propri\u00e9taire : CANOPY BRANDS EUROPE, S.L.U.<br \/>Finalit\u00e9 : R\u00e9alisation d&rsquo;enqu\u00eates pour l&rsquo;am\u00e9lioration continue des produits et des processus.<br \/>L\u00e9gitimit\u00e9 : int\u00e9r\u00eat l\u00e9gitime du responsable du traitement.<br \/>Destinataires : aucune donn\u00e9e ne sera transf\u00e9r\u00e9e \u00e0 des tiers, sauf si la loi l&rsquo;exige.<\/p><p>Sauf indication contraire de votre part, nous consid\u00e9rerons que vos donn\u00e9es n&rsquo;ont pas \u00e9t\u00e9 modifi\u00e9es, que vous acceptez de nous informer de tout changement et que vous maintenez votre consentement \u00e0 leur utilisation aux fins susmentionn\u00e9es. Si vous n&rsquo;avez pas donn\u00e9 votre consentement libre, affirmatif et volontaire au traitement et au stockage de vos donn\u00e9es par le biais de ces formulaires, celles-ci seront imm\u00e9diatement supprim\u00e9es sans qu&rsquo;aucune action ne soit entreprise.<br \/>Droits : acc\u00e8s, rectification et suppression des donn\u00e9es, ainsi que d&rsquo;autres droits, comme expliqu\u00e9 dans les informations compl\u00e9mentaires.<br \/>Informations compl\u00e9mentaires : vous pouvez consulter des informations compl\u00e9mentaires et d\u00e9taill\u00e9es sur la protection des donn\u00e9es \u00e0 notre si\u00e8ge social.<br \/>Sauf indication contraire de votre part, nous consid\u00e9rerons que vos donn\u00e9es n&rsquo;ont pas \u00e9t\u00e9 modifi\u00e9es, que vous acceptez de nous informer de tout changement et que vous maintenez votre consentement \u00e0 leur utilisation aux fins susmentionn\u00e9es. Si vous n&rsquo;avez pas donn\u00e9 votre consentement libre, affirmatif et volontaire au traitement et au stockage de vos donn\u00e9es par le biais de ces formulaires, celles-ci seront imm\u00e9diatement supprim\u00e9es sans qu&rsquo;aucune action ne soit entreprise.<\/p>\t\t\t\t\t\t\t\t<\/div>\n\t\t\t\t<\/div>\n\t\t\t\t<\/div>\n\t\t\t\t\t<\/div>\n\t\t\t\t<\/div>\n\t\t<div class=\"elementor-element elementor-element-911f7a9 e-flex e-con-boxed e-con e-parent\" data-id=\"911f7a9\" data-element_type=\"container\" data-e-type=\"container\">\n\t\t\t\t\t<div class=\"e-con-inner\">\n\t\t\t\t<div class=\"elementor-element elementor-element-6e1c58b7 elementor-widget elementor-widget-text-editor\" data-id=\"6e1c58b7\" data-element_type=\"widget\" data-e-type=\"widget\" data-widget_type=\"text-editor.default\">\n\t\t\t\t<div class=\"elementor-widget-container\">\n\t\t\t\t\t\t\t\t\t<div class=\"container\"><div class=\"module-sm\"><hr \/><h3>\u00a0<\/h3><ul><li>\u00a0<\/li><\/ul><h3>\u00a0<\/h3><p>\u00a0<\/p><\/div><\/div>\t\t\t\t\t\t\t\t<\/div>\n\t\t\t\t<\/div>\n\t\t\t\t\t<\/div>\n\t\t\t\t<\/div>\n\t\t\t\t<\/div>\n\t\t","protected":false},"excerpt":{"rendered":"<p>Politique de Confidentialit\u00e9 pour les formulaires Informations de base sur la protection des coordonn\u00e9s Responsable : CANOPY BRANDS EUROPE, S.L.U. Objectif : G\u00e9rer les demandes\/informations re\u00e7ues \u00e0 travers des formulaires pr\u00e9sents dans le Site Web. L\u00e9gitimation : Consentement d\u2019int\u00e9ress\u00e9. Destinataires : On ne va pas transf\u00e8re des coordonn\u00e9s aux tiers, sauf obligation l\u00e9gale. Droits : [&hellip;]<\/p>\n","protected":false},"author":19,"featured_media":0,"parent":0,"menu_order":0,"comment_status":"closed","ping_status":"closed","template":"","meta":{"_acf_changed":false,"footnotes":""},"class_list":["post-392","page","type-page","status-publish","hentry"],"acf":[],"yoast_head":"<!-- This site is optimized with the Yoast SEO plugin v27.5 - https:\/\/yoast.com\/product\/yoast-seo-wordpress\/ -->\n<title>Politique de Confidentialit\u00e9 - Alba<\/title>\n<meta name=\"robots\" content=\"noindex, nofollow\" \/>\n<meta property=\"og:locale\" content=\"fr_FR\" \/>\n<meta property=\"og:type\" content=\"article\" \/>\n<meta property=\"og:title\" content=\"Politique de Confidentialit\u00e9 - Alba\" \/>\n<meta property=\"og:description\" content=\"Politique de Confidentialit\u00e9 pour les formulaires Informations de base sur la protection des coordonn\u00e9s Responsable : CANOPY BRANDS EUROPE, S.L.U. Objectif : G\u00e9rer les demandes\/informations re\u00e7ues \u00e0 travers des formulaires pr\u00e9sents dans le Site Web. L\u00e9gitimation : Consentement d\u2019int\u00e9ress\u00e9. Destinataires : On ne va pas transf\u00e8re des coordonn\u00e9s aux tiers, sauf obligation l\u00e9gale. Droits : [&hellip;]\" \/>\n<meta property=\"og:url\" content=\"https:\/\/www.alba.es\/politica-de-privacidad\/\" \/>\n<meta property=\"og:site_name\" content=\"Alba\" \/>\n<meta property=\"article:publisher\" content=\"https:\/\/www.facebook.com\/albamacrelgroupsl?_rdc=2&amp;_rdr#\" \/>\n<meta property=\"article:modified_time\" content=\"2026-01-20T06:28:11+00:00\" \/>\n<meta property=\"og:image\" content=\"https:\/\/www.alba.es\/wp-content\/media\/LOGO-ALBA.png\" \/>\n\t<meta property=\"og:image:width\" content=\"1447\" \/>\n\t<meta property=\"og:image:height\" content=\"403\" \/>\n\t<meta property=\"og:image:type\" content=\"image\/png\" \/>\n<meta name=\"twitter:card\" content=\"summary_large_image\" \/>\n<meta name=\"twitter:label1\" content=\"Dur\u00e9e de lecture estim\u00e9e\" \/>\n\t<meta name=\"twitter:data1\" content=\"5 minutes\" \/>\n<script type=\"application\/ld+json\" class=\"yoast-schema-graph\">{\"@context\":\"https:\\\/\\\/schema.org\",\"@graph\":[{\"@type\":\"TechArticle\",\"@id\":\"https:\\\/\\\/www.alba.es\\\/politica-de-privacidad\\\/#article\",\"isPartOf\":{\"@id\":\"https:\\\/\\\/www.alba.es\\\/politica-de-privacidad\\\/\"},\"author\":{\"name\":\"Melissa G\u00f3mez\",\"@id\":\"https:\\\/\\\/www.alba.es\\\/#\\\/schema\\\/person\\\/68d4b96fbf8f6490c8893f595f663859\"},\"headline\":\"Politique de Confidentialit\u00e9\",\"datePublished\":\"2020-01-23T11:32:35+00:00\",\"dateModified\":\"2026-01-20T06:28:11+00:00\",\"mainEntityOfPage\":{\"@id\":\"https:\\\/\\\/www.alba.es\\\/politica-de-privacidad\\\/\"},\"wordCount\":1009,\"publisher\":{\"@id\":\"https:\\\/\\\/www.alba.es\\\/#organization\"},\"inLanguage\":\"fr-FR\"},{\"@type\":\"WebPage\",\"@id\":\"https:\\\/\\\/www.alba.es\\\/politica-de-privacidad\\\/\",\"url\":\"https:\\\/\\\/www.alba.es\\\/politica-de-privacidad\\\/\",\"name\":\"Politique de Confidentialit\u00e9 - Alba\",\"isPartOf\":{\"@id\":\"https:\\\/\\\/www.alba.es\\\/#website\"},\"datePublished\":\"2020-01-23T11:32:35+00:00\",\"dateModified\":\"2026-01-20T06:28:11+00:00\",\"breadcrumb\":{\"@id\":\"https:\\\/\\\/www.alba.es\\\/politica-de-privacidad\\\/#breadcrumb\"},\"inLanguage\":\"fr-FR\",\"potentialAction\":[{\"@type\":\"ReadAction\",\"target\":[\"https:\\\/\\\/www.alba.es\\\/politica-de-privacidad\\\/\"]}]},{\"@type\":\"BreadcrumbList\",\"@id\":\"https:\\\/\\\/www.alba.es\\\/politica-de-privacidad\\\/#breadcrumb\",\"itemListElement\":[{\"@type\":\"ListItem\",\"position\":1,\"name\":\"Portada\",\"item\":\"https:\\\/\\\/www.alba.es\\\/fr\\\/\"},{\"@type\":\"ListItem\",\"position\":2,\"name\":\"Politique de Confidentialit\u00e9\"}]},{\"@type\":\"WebSite\",\"@id\":\"https:\\\/\\\/www.alba.es\\\/#website\",\"url\":\"https:\\\/\\\/www.alba.es\\\/\",\"name\":\"Alba - Elevadores de construcci\u00f3n y plataformas suspendidas\",\"description\":\"Soluciones de acceso y movilidad en construcci\u00f3n\",\"publisher\":{\"@id\":\"https:\\\/\\\/www.alba.es\\\/#organization\"},\"alternateName\":\"Alba\",\"potentialAction\":[{\"@type\":\"SearchAction\",\"target\":{\"@type\":\"EntryPoint\",\"urlTemplate\":\"https:\\\/\\\/www.alba.es\\\/?s={search_term_string}\"},\"query-input\":{\"@type\":\"PropertyValueSpecification\",\"valueRequired\":true,\"valueName\":\"search_term_string\"}}],\"inLanguage\":\"fr-FR\"},{\"@type\":\"Organization\",\"@id\":\"https:\\\/\\\/www.alba.es\\\/#organization\",\"name\":\"Alba\",\"alternateName\":\"Alba\",\"url\":\"https:\\\/\\\/www.alba.es\\\/\",\"logo\":{\"@type\":\"ImageObject\",\"inLanguage\":\"fr-FR\",\"@id\":\"https:\\\/\\\/www.alba.es\\\/#\\\/schema\\\/logo\\\/image\\\/\",\"url\":\"https:\\\/\\\/www.alba.es\\\/wp-content\\\/media\\\/logo_alba__light.png\",\"contentUrl\":\"https:\\\/\\\/www.alba.es\\\/wp-content\\\/media\\\/logo_alba__light.png\",\"width\":400,\"height\":106,\"caption\":\"Alba\"},\"image\":{\"@id\":\"https:\\\/\\\/www.alba.es\\\/#\\\/schema\\\/logo\\\/image\\\/\"},\"sameAs\":[\"https:\\\/\\\/www.facebook.com\\\/albamacrelgroupsl?_rdc=2&_rdr#\",\"https:\\\/\\\/www.linkedin.com\\\/company\\\/canopy-brands-alba\\\/\"]},{\"@type\":\"Person\",\"@id\":\"https:\\\/\\\/www.alba.es\\\/#\\\/schema\\\/person\\\/68d4b96fbf8f6490c8893f595f663859\",\"name\":\"Melissa G\u00f3mez\",\"image\":{\"@type\":\"ImageObject\",\"inLanguage\":\"fr-FR\",\"@id\":\"https:\\\/\\\/secure.gravatar.com\\\/avatar\\\/8f57fc86599514671c1255ee88663317bd02c315411f69dbe0f587567df6cb36?s=96&d=mm&r=g\",\"url\":\"https:\\\/\\\/secure.gravatar.com\\\/avatar\\\/8f57fc86599514671c1255ee88663317bd02c315411f69dbe0f587567df6cb36?s=96&d=mm&r=g\",\"contentUrl\":\"https:\\\/\\\/secure.gravatar.com\\\/avatar\\\/8f57fc86599514671c1255ee88663317bd02c315411f69dbe0f587567df6cb36?s=96&d=mm&r=g\",\"caption\":\"Melissa G\u00f3mez\"}}]}<\/script>\n<!-- \/ Yoast SEO plugin. -->","yoast_head_json":{"title":"Politique de Confidentialit\u00e9 - Alba","robots":{"index":"noindex","follow":"nofollow"},"og_locale":"fr_FR","og_type":"article","og_title":"Politique de Confidentialit\u00e9 - Alba","og_description":"Politique de Confidentialit\u00e9 pour les formulaires Informations de base sur la protection des coordonn\u00e9s Responsable : CANOPY BRANDS EUROPE, S.L.U. Objectif : G\u00e9rer les demandes\/informations re\u00e7ues \u00e0 travers des formulaires pr\u00e9sents dans le Site Web. L\u00e9gitimation : Consentement d\u2019int\u00e9ress\u00e9. Destinataires : On ne va pas transf\u00e8re des coordonn\u00e9s aux tiers, sauf obligation l\u00e9gale. Droits : [&hellip;]","og_url":"https:\/\/www.alba.es\/politica-de-privacidad\/","og_site_name":"Alba","article_publisher":"https:\/\/www.facebook.com\/albamacrelgroupsl?_rdc=2&_rdr#","article_modified_time":"2026-01-20T06:28:11+00:00","og_image":[{"width":1447,"height":403,"url":"https:\/\/www.alba.es\/wp-content\/media\/LOGO-ALBA.png","type":"image\/png"}],"twitter_card":"summary_large_image","twitter_misc":{"Dur\u00e9e de lecture estim\u00e9e":"5 minutes"},"schema":{"@context":"https:\/\/schema.org","@graph":[{"@type":"TechArticle","@id":"https:\/\/www.alba.es\/politica-de-privacidad\/#article","isPartOf":{"@id":"https:\/\/www.alba.es\/politica-de-privacidad\/"},"author":{"name":"Melissa G\u00f3mez","@id":"https:\/\/www.alba.es\/#\/schema\/person\/68d4b96fbf8f6490c8893f595f663859"},"headline":"Politique de Confidentialit\u00e9","datePublished":"2020-01-23T11:32:35+00:00","dateModified":"2026-01-20T06:28:11+00:00","mainEntityOfPage":{"@id":"https:\/\/www.alba.es\/politica-de-privacidad\/"},"wordCount":1009,"publisher":{"@id":"https:\/\/www.alba.es\/#organization"},"inLanguage":"fr-FR"},{"@type":"WebPage","@id":"https:\/\/www.alba.es\/politica-de-privacidad\/","url":"https:\/\/www.alba.es\/politica-de-privacidad\/","name":"Politique de Confidentialit\u00e9 - Alba","isPartOf":{"@id":"https:\/\/www.alba.es\/#website"},"datePublished":"2020-01-23T11:32:35+00:00","dateModified":"2026-01-20T06:28:11+00:00","breadcrumb":{"@id":"https:\/\/www.alba.es\/politica-de-privacidad\/#breadcrumb"},"inLanguage":"fr-FR","potentialAction":[{"@type":"ReadAction","target":["https:\/\/www.alba.es\/politica-de-privacidad\/"]}]},{"@type":"BreadcrumbList","@id":"https:\/\/www.alba.es\/politica-de-privacidad\/#breadcrumb","itemListElement":[{"@type":"ListItem","position":1,"name":"Portada","item":"https:\/\/www.alba.es\/fr\/"},{"@type":"ListItem","position":2,"name":"Politique de Confidentialit\u00e9"}]},{"@type":"WebSite","@id":"https:\/\/www.alba.es\/#website","url":"https:\/\/www.alba.es\/","name":"Alba - Elevadores de construcci\u00f3n y plataformas suspendidas","description":"Soluciones de acceso y movilidad en construcci\u00f3n","publisher":{"@id":"https:\/\/www.alba.es\/#organization"},"alternateName":"Alba","potentialAction":[{"@type":"SearchAction","target":{"@type":"EntryPoint","urlTemplate":"https:\/\/www.alba.es\/?s={search_term_string}"},"query-input":{"@type":"PropertyValueSpecification","valueRequired":true,"valueName":"search_term_string"}}],"inLanguage":"fr-FR"},{"@type":"Organization","@id":"https:\/\/www.alba.es\/#organization","name":"Alba","alternateName":"Alba","url":"https:\/\/www.alba.es\/","logo":{"@type":"ImageObject","inLanguage":"fr-FR","@id":"https:\/\/www.alba.es\/#\/schema\/logo\/image\/","url":"https:\/\/www.alba.es\/wp-content\/media\/logo_alba__light.png","contentUrl":"https:\/\/www.alba.es\/wp-content\/media\/logo_alba__light.png","width":400,"height":106,"caption":"Alba"},"image":{"@id":"https:\/\/www.alba.es\/#\/schema\/logo\/image\/"},"sameAs":["https:\/\/www.facebook.com\/albamacrelgroupsl?_rdc=2&_rdr#","https:\/\/www.linkedin.com\/company\/canopy-brands-alba\/"]},{"@type":"Person","@id":"https:\/\/www.alba.es\/#\/schema\/person\/68d4b96fbf8f6490c8893f595f663859","name":"Melissa G\u00f3mez","image":{"@type":"ImageObject","inLanguage":"fr-FR","@id":"https:\/\/secure.gravatar.com\/avatar\/8f57fc86599514671c1255ee88663317bd02c315411f69dbe0f587567df6cb36?s=96&d=mm&r=g","url":"https:\/\/secure.gravatar.com\/avatar\/8f57fc86599514671c1255ee88663317bd02c315411f69dbe0f587567df6cb36?s=96&d=mm&r=g","contentUrl":"https:\/\/secure.gravatar.com\/avatar\/8f57fc86599514671c1255ee88663317bd02c315411f69dbe0f587567df6cb36?s=96&d=mm&r=g","caption":"Melissa G\u00f3mez"}}]}},"_links":{"self":[{"href":"https:\/\/www.alba.es\/fr\/wp-json\/wp\/v2\/pages\/392","targetHints":{"allow":["GET"]}}],"collection":[{"href":"https:\/\/www.alba.es\/fr\/wp-json\/wp\/v2\/pages"}],"about":[{"href":"https:\/\/www.alba.es\/fr\/wp-json\/wp\/v2\/types\/page"}],"author":[{"embeddable":true,"href":"https:\/\/www.alba.es\/fr\/wp-json\/wp\/v2\/users\/19"}],"replies":[{"embeddable":true,"href":"https:\/\/www.alba.es\/fr\/wp-json\/wp\/v2\/comments?post=392"}],"version-history":[{"count":11,"href":"https:\/\/www.alba.es\/fr\/wp-json\/wp\/v2\/pages\/392\/revisions"}],"predecessor-version":[{"id":16332,"href":"https:\/\/www.alba.es\/fr\/wp-json\/wp\/v2\/pages\/392\/revisions\/16332"}],"wp:attachment":[{"href":"https:\/\/www.alba.es\/fr\/wp-json\/wp\/v2\/media?parent=392"}],"curies":[{"name":"wp","href":"https:\/\/api.w.org\/{rel}","templated":true}]}}